							
{"id":375,"date":"2017-06-29T20:32:17","date_gmt":"2017-06-29T18:32:17","guid":{"rendered":"http:\/\/www.santuantinu.org\/?page_id=375\/"},"modified":"2018-11-13T14:13:26","modified_gmt":"2018-11-13T13:13:26","slug":"qui-sommes-nous","status":"publish","type":"page","link":"https:\/\/www.santuantinu.org\/fr\/qui-sommes-nous\/","title":{"rendered":"Qui sommes nous"},"content":{"rendered":"<p>[et_pb_section bb_built=&#8221;1&#8243; inner_shadow=&#8221;on&#8221; fullwidth=&#8221;on&#8221; _builder_version=&#8221;3.0.51&#8243; next_background_color=&#8221;#fcfcfc&#8221;][et_pb_fullwidth_header background_layout=&#8221;dark&#8221; background_overlay_color=&#8221;rgba(0,0,0,0.17)&#8221; logo_image_url=&#8221;http:\/\/www.santuantinu.org\/wp-content\/uploads\/2017\/06\/associazione_santu_antinu_white.png&#8221; _builder_version=&#8221;3.0.51&#8243; background_color=&#8221;#e2e2e2&#8243; background_image=&#8221;http:\/\/www.santuantinu.org\/wp-content\/uploads\/2017\/06\/07072012-IMG_9563.jpg&#8221; parallax=&#8221;on&#8221; custom_css_logo=&#8221;width: 200px;&#8221; content_max_width=&#8221;100%&#8221; button_one_text_size__hover_enabled=&#8221;off&#8221; button_one_text_size__hover=&#8221;null&#8221; button_two_text_size__hover_enabled=&#8221;off&#8221; button_two_text_size__hover=&#8221;null&#8221; button_one_text_color__hover_enabled=&#8221;off&#8221; button_one_text_color__hover=&#8221;null&#8221; button_two_text_color__hover_enabled=&#8221;off&#8221; button_two_text_color__hover=&#8221;null&#8221; button_one_border_width__hover_enabled=&#8221;off&#8221; button_one_border_width__hover=&#8221;null&#8221; button_two_border_width__hover_enabled=&#8221;off&#8221; button_two_border_width__hover=&#8221;null&#8221; button_one_border_color__hover_enabled=&#8221;off&#8221; button_one_border_color__hover=&#8221;null&#8221; button_two_border_color__hover_enabled=&#8221;off&#8221; button_two_border_color__hover=&#8221;null&#8221; button_one_border_radius__hover_enabled=&#8221;off&#8221; button_one_border_radius__hover=&#8221;null&#8221; button_two_border_radius__hover_enabled=&#8221;off&#8221; button_two_border_radius__hover=&#8221;null&#8221; button_one_letter_spacing__hover_enabled=&#8221;off&#8221; button_one_letter_spacing__hover=&#8221;null&#8221; button_two_letter_spacing__hover_enabled=&#8221;off&#8221; button_two_letter_spacing__hover=&#8221;null&#8221; button_one_bg_color__hover_enabled=&#8221;off&#8221; button_one_bg_color__hover=&#8221;null&#8221; button_two_bg_color__hover_enabled=&#8221;off&#8221; button_two_bg_color__hover=&#8221;null&#8221; \/][\/et_pb_section][et_pb_section bb_built=&#8221;1&#8243; background_color=&#8221;#fcfcfc&#8221; inner_shadow=&#8221;on&#8221; _builder_version=&#8221;3.0.51&#8243; prev_background_color=&#8221;#ffffff&#8221; next_background_color=&#8221;#ffffff&#8221;][et_pb_row _builder_version=&#8221;3.0.47&#8243; background_size=&#8221;initial&#8221; background_position=&#8221;top_left&#8221; background_repeat=&#8221;repeat&#8221;][et_pb_column type=&#8221;4_4&#8243;][et_pb_text text_orientation=&#8221;justified&#8221; _builder_version=&#8221;3.0.51&#8243; text_font_size=&#8221;18&#8243; text_line_height=&#8221;1.8em&#8221;]<\/p>\n<p>\n<strong>Notre association s&#8217;occupe de l&#8217;organisation des c\u00e9l\u00e9brations d&#8217;une du plus belles et anciennes traditions sardes: la f\u00eate de Saint Constantin.<\/strong><\/p>\n<p>L\u2019association fut cr\u00e9\u00e9e l\u00e9galement en 1991 par un groupe d\u2019habitants de Sedilo qui pour une trentaine d\u2019ann\u00e9es, avait constitu\u00e9 un comit\u00e9 pour organiser les manifestations li\u00e9es \u00e0 la F\u00eate de Saint Constantin.<\/p>\n<p>L&#8217;organisation fut transform\u00e9e en association avec le but de prot\u00e9ger, d\u00e9fendre et promouvoir sous diff\u00e9rentes formes le patrimoine historique et culturel de la zone de Saint Constantin; de projeter, programmer et organiser les manifestations civiles li\u00e9es \u00e0 la f\u00eate de Saint Constantin; de contribuer \u00e0 recevoir les manifestations religieuses li\u00e9es \u00e0 la f\u00eate de Saint Constantin, de prot\u00e9ger et promouvoir &#8220;l\u2019Ardia&#8221;.<\/p>\n<p>[\/et_pb_text][\/et_pb_column][\/et_pb_row][\/et_pb_section][et_pb_section bb_built=&#8221;1&#8243; inner_shadow=&#8221;on&#8221; module_id=&#8221;contatti&#8221; _builder_version=&#8221;3.0.51&#8243; background_image=&#8221;http:\/\/www.santuantinu.org\/wp-content\/uploads\/2017\/06\/07072012-IMG_9563.jpg&#8221; parallax=&#8221;on&#8221; parallax_method=&#8221;off&#8221; prev_background_color=&#8221;#fcfcfc&#8221;][et_pb_row make_fullwidth=&#8221;on&#8221; custom_padding=&#8221;40px|40px|40px|40px&#8221; background_color=&#8221;rgba(0,0,0,0.27)&#8221; background_position_1=&#8221;top_left&#8221; background_position_2=&#8221;top_left&#8221; background_repeat_1=&#8221;no-repeat&#8221; background_repeat_2=&#8221;no-repeat&#8221; _builder_version=&#8221;3.0.51&#8243; background_size=&#8221;initial&#8221; background_position=&#8221;top_left&#8221; background_repeat=&#8221;repeat&#8221;][et_pb_column type=&#8221;1_3&#8243;][et_pb_blurb title=&#8221;Contacts&#8221; use_icon=&#8221;on&#8221; font_icon=&#8221;%%153%%&#8221; icon_color=&#8221;#ffffff&#8221; icon_placement=&#8221;left&#8221; background_layout=&#8221;dark&#8221; _builder_version=&#8221;3.17.6&#8243; max_width_tablet=&#8221;50px&#8221;]<\/p>\n<p>Sanctuaire de Saint Constantin<br \/>09076 Sedilo (OR)<br \/>Tel.: +39.340.6353607<\/p>\n<p>Giuseppe Spada: +39.371.1131713<br \/>Pietro Carta: +39.349.6281038<br \/>Lino Manca: +39.320.0646725<br \/>E-mail: <a style=\"color: #ffffff;\" title=\"clicca qui per aprire il programma di posta elettronica\" href=\"mailto:info@santuantinu.it\">info@santuantinu.it<\/a><\/p>\n<h2>Coordonn\u00e9es bancaires et postal<\/h2>\n<p><b>IBAN Banco di Sardegna &#8211; Sedilo:<\/b> IT23S0101588030000000029253<\/p>\n<p>[\/et_pb_blurb][\/et_pb_column][et_pb_column type=&#8221;2_3&#8243;][et_pb_code _builder_version=&#8221;3.0.51&#8243;]<iframe loading=\"lazy\" src=\"https:\/\/www.google.com\/maps\/embed?pb=!1m18!1m12!1m3!1d3172.413801758552!2d8.933782617966784!3d40.16615201205779!2m3!1f0!2f0!3f0!3m2!1i1024!2i768!4f13.1!3m3!1m2!1s0x0%3A0x565c46ddff32f457!2sSantuario+si+San+Costantino!5e1!3m2!1sit!2sit!4v1498053988733\" width=\"100%\" height=\"450\" frameborder=\"0\" style=\"border:0\" allowfullscreen><\/iframe>[\/et_pb_code][\/et_pb_column][\/et_pb_row][\/et_pb_section]<\/p>\n","protected":false},"excerpt":{"rendered":"<p>Notre association s&#8217;occupe de l&#8217;organisation des c\u00e9l\u00e9brations d&#8217;une du plus belles et anciennes traditions sardes: la f\u00eate de Saint Constantin. L\u2019association fut cr\u00e9\u00e9e l\u00e9galement en 1991 par un groupe d\u2019habitants de Sedilo qui pour une trentaine d\u2019ann\u00e9es, avait constitu\u00e9 un comit\u00e9 pour organiser les manifestations li\u00e9es \u00e0 la F\u00eate de Saint Constantin. L&#8217;organisation fut transform\u00e9e [&hellip;]<\/p>\n","protected":false},"author":2,"featured_media":0,"parent":0,"menu_order":20,"comment_status":"closed","ping_status":"closed","template":"","meta":{"_et_pb_use_builder":"on","_et_pb_old_content":"","_et_gb_content_width":"","footnotes":""},"class_list":["post-375","page","type-page","status-publish","hentry"],"yoast_head":"<!-- This site is optimized with the Yoast SEO plugin v26.6 - https:\/\/yoast.com\/wordpress\/plugins\/seo\/ -->\n<title>Qui sommes nous - Associazione Santu Antinu<\/title>\n<meta name=\"robots\" content=\"index, follow, max-snippet:-1, max-image-preview:large, max-video-preview:-1\" \/>\n<link rel=\"canonical\" href=\"https:\/\/www.santuantinu.org\/fr\/qui-sommes-nous\/\" \/>\n<meta property=\"og:locale\" content=\"fr_FR\" \/>\n<meta property=\"og:type\" content=\"article\" \/>\n<meta property=\"og:title\" content=\"Qui sommes nous - Associazione Santu Antinu\" \/>\n<meta property=\"og:description\" content=\"Notre association s&#039;occupe de l&#039;organisation des c\u00e9l\u00e9brations d&#039;une du plus belles et anciennes traditions sardes: la f\u00eate de Saint Constantin. L\u2019association fut cr\u00e9\u00e9e l\u00e9galement en 1991 par un groupe d\u2019habitants de Sedilo qui pour une trentaine d\u2019ann\u00e9es, avait constitu\u00e9 un comit\u00e9 pour organiser les manifestations li\u00e9es \u00e0 la F\u00eate de Saint Constantin. L&#039;organisation fut transform\u00e9e [&hellip;]\" \/>\n<meta property=\"og:url\" content=\"https:\/\/www.santuantinu.org\/fr\/qui-sommes-nous\/\" \/>\n<meta property=\"og:site_name\" content=\"Associazione Santu Antinu\" \/>\n<meta property=\"article:modified_time\" content=\"2018-11-13T13:13:26+00:00\" \/>\n<meta name=\"twitter:card\" content=\"summary_large_image\" \/>\n<meta name=\"twitter:label1\" content=\"Est. reading time\" \/>\n\t<meta name=\"twitter:data1\" content=\"3 minutes\" \/>\n<script type=\"application\/ld+json\" class=\"yoast-schema-graph\">{\"@context\":\"https:\/\/schema.org\",\"@graph\":[{\"@type\":\"WebPage\",\"@id\":\"https:\/\/www.santuantinu.org\/fr\/qui-sommes-nous\/\",\"url\":\"https:\/\/www.santuantinu.org\/fr\/qui-sommes-nous\/\",\"name\":\"Qui sommes nous - Associazione Santu Antinu\",\"isPartOf\":{\"@id\":\"https:\/\/www.santuantinu.org\/#website\"},\"datePublished\":\"2017-06-29T18:32:17+00:00\",\"dateModified\":\"2018-11-13T13:13:26+00:00\",\"breadcrumb\":{\"@id\":\"https:\/\/www.santuantinu.org\/fr\/qui-sommes-nous\/#breadcrumb\"},\"inLanguage\":\"fr-FR\",\"potentialAction\":[{\"@type\":\"ReadAction\",\"target\":[\"https:\/\/www.santuantinu.org\/fr\/qui-sommes-nous\/\"]}]},{\"@type\":\"BreadcrumbList\",\"@id\":\"https:\/\/www.santuantinu.org\/fr\/qui-sommes-nous\/#breadcrumb\",\"itemListElement\":[{\"@type\":\"ListItem\",\"position\":1,\"name\":\"Home\",\"item\":\"https:\/\/www.santuantinu.org\/fr\/\"},{\"@type\":\"ListItem\",\"position\":2,\"name\":\"Qui sommes nous\"}]},{\"@type\":\"WebSite\",\"@id\":\"https:\/\/www.santuantinu.org\/#website\",\"url\":\"https:\/\/www.santuantinu.org\/\",\"name\":\"Associazione Santu Antinu\",\"description\":\"s&#039;Ardia\",\"potentialAction\":[{\"@type\":\"SearchAction\",\"target\":{\"@type\":\"EntryPoint\",\"urlTemplate\":\"https:\/\/www.santuantinu.org\/?s={search_term_string}\"},\"query-input\":{\"@type\":\"PropertyValueSpecification\",\"valueRequired\":true,\"valueName\":\"search_term_string\"}}],\"inLanguage\":\"fr-FR\"}]}<\/script>\n<!-- \/ Yoast SEO plugin. -->","yoast_head_json":{"title":"Qui sommes nous - Associazione Santu Antinu","robots":{"index":"index","follow":"follow","max-snippet":"max-snippet:-1","max-image-preview":"max-image-preview:large","max-video-preview":"max-video-preview:-1"},"canonical":"https:\/\/www.santuantinu.org\/fr\/qui-sommes-nous\/","og_locale":"fr_FR","og_type":"article","og_title":"Qui sommes nous - Associazione Santu Antinu","og_description":"Notre association s'occupe de l'organisation des c\u00e9l\u00e9brations d'une du plus belles et anciennes traditions sardes: la f\u00eate de Saint Constantin. L\u2019association fut cr\u00e9\u00e9e l\u00e9galement en 1991 par un groupe d\u2019habitants de Sedilo qui pour une trentaine d\u2019ann\u00e9es, avait constitu\u00e9 un comit\u00e9 pour organiser les manifestations li\u00e9es \u00e0 la F\u00eate de Saint Constantin. L'organisation fut transform\u00e9e [&hellip;]","og_url":"https:\/\/www.santuantinu.org\/fr\/qui-sommes-nous\/","og_site_name":"Associazione Santu Antinu","article_modified_time":"2018-11-13T13:13:26+00:00","twitter_card":"summary_large_image","twitter_misc":{"Est. reading time":"3 minutes"},"schema":{"@context":"https:\/\/schema.org","@graph":[{"@type":"WebPage","@id":"https:\/\/www.santuantinu.org\/fr\/qui-sommes-nous\/","url":"https:\/\/www.santuantinu.org\/fr\/qui-sommes-nous\/","name":"Qui sommes nous - Associazione Santu Antinu","isPartOf":{"@id":"https:\/\/www.santuantinu.org\/#website"},"datePublished":"2017-06-29T18:32:17+00:00","dateModified":"2018-11-13T13:13:26+00:00","breadcrumb":{"@id":"https:\/\/www.santuantinu.org\/fr\/qui-sommes-nous\/#breadcrumb"},"inLanguage":"fr-FR","potentialAction":[{"@type":"ReadAction","target":["https:\/\/www.santuantinu.org\/fr\/qui-sommes-nous\/"]}]},{"@type":"BreadcrumbList","@id":"https:\/\/www.santuantinu.org\/fr\/qui-sommes-nous\/#breadcrumb","itemListElement":[{"@type":"ListItem","position":1,"name":"Home","item":"https:\/\/www.santuantinu.org\/fr\/"},{"@type":"ListItem","position":2,"name":"Qui sommes nous"}]},{"@type":"WebSite","@id":"https:\/\/www.santuantinu.org\/#website","url":"https:\/\/www.santuantinu.org\/","name":"Associazione Santu Antinu","description":"s&#039;Ardia","potentialAction":[{"@type":"SearchAction","target":{"@type":"EntryPoint","urlTemplate":"https:\/\/www.santuantinu.org\/?s={search_term_string}"},"query-input":{"@type":"PropertyValueSpecification","valueRequired":true,"valueName":"search_term_string"}}],"inLanguage":"fr-FR"}]}},"_links":{"self":[{"href":"https:\/\/www.santuantinu.org\/fr\/wp-json\/wp\/v2\/pages\/375","targetHints":{"allow":["GET"]}}],"collection":[{"href":"https:\/\/www.santuantinu.org\/fr\/wp-json\/wp\/v2\/pages"}],"about":[{"href":"https:\/\/www.santuantinu.org\/fr\/wp-json\/wp\/v2\/types\/page"}],"author":[{"embeddable":true,"href":"https:\/\/www.santuantinu.org\/fr\/wp-json\/wp\/v2\/users\/2"}],"replies":[{"embeddable":true,"href":"https:\/\/www.santuantinu.org\/fr\/wp-json\/wp\/v2\/comments?post=375"}],"version-history":[{"count":5,"href":"https:\/\/www.santuantinu.org\/fr\/wp-json\/wp\/v2\/pages\/375\/revisions"}],"predecessor-version":[{"id":636,"href":"https:\/\/www.santuantinu.org\/fr\/wp-json\/wp\/v2\/pages\/375\/revisions\/636"}],"wp:attachment":[{"href":"https:\/\/www.santuantinu.org\/fr\/wp-json\/wp\/v2\/media?parent=375"}],"curies":[{"name":"wp","href":"https:\/\/api.w.org\/{rel}","templated":true}]}}