							
{"id":379,"date":"2017-06-29T20:37:41","date_gmt":"2017-06-29T18:37:41","guid":{"rendered":"http:\/\/www.santuantinu.org\/?page_id=379\/"},"modified":"2017-06-30T08:17:16","modified_gmt":"2017-06-30T06:17:16","slug":"sedilo","status":"publish","type":"page","link":"https:\/\/www.santuantinu.org\/fr\/sedilo\/","title":{"rendered":"Sedilo"},"content":{"rendered":"<p>[et_pb_section fb_built=&#8221;1&#8243; fullwidth=&#8221;on&#8221; admin_label=&#8221;Sezione&#8221; _builder_version=&#8221;3.0.51&#8243;][et_pb_fullwidth_header title=&#8221;O\u00f9 sommes-nous&#8221; background_layout=&#8221;dark&#8221; background_overlay_color=&#8221;rgba(0,0,0,0.13)&#8221; admin_label=&#8221;Intestazione a Larghezza Piena&#8221; _builder_version=&#8221;3.0.51&#8243; background_image=&#8221;http:\/\/www.santuantinu.org\/wp-content\/uploads\/2017\/06\/Schermata-2017-06-21-alle-18.03.43.png&#8221; parallax=&#8221;on&#8221;][\/et_pb_fullwidth_header][\/et_pb_section][et_pb_section fb_built=&#8221;1&#8243; background_color=&#8221;#f9f9f9&#8243; admin_label=&#8221;section&#8221; _builder_version=&#8221;3.0.51&#8243;][et_pb_row admin_label=&#8221;Riga&#8221; _builder_version=&#8221;3.0.47&#8243; background_size=&#8221;initial&#8221; background_position=&#8221;top_left&#8221; background_repeat=&#8221;repeat&#8221;][et_pb_column type=&#8221;4_4&#8243; _builder_version=&#8221;3.0.47&#8243; parallax=&#8221;off&#8221; parallax_method=&#8221;on&#8221;][et_pb_text text_orientation=&#8221;justified&#8221; admin_label=&#8221;Testo&#8221; _builder_version=&#8221;3.0.51&#8243; text_font_size=&#8221;18&#8243; text_line_height=&#8221;1.8em&#8221;]<\/p>\n<p class=\"breve_livelloa\"><strong>Nous sommes \u00e0 Sedilo, commune de la province d&#8217;Oristano, situ\u00e9e au centre de la Sardaigne, \u00e0 288 m\u00e8tres au dessus du niveau de la mer, environ 2000 habitants y vivent.<\/strong><\/p>\n<p>Sedilo se trouve sur un haut et vaste plateau qui se poursuit \u00e0 l&#8217;est par la vall\u00e9e du Tirso. Il est travers\u00e9 par le fleuve du m\u00eame nom, le plus long fleuve de Sardaigne.<\/p>\n<p>Une partie des terres de la vall\u00e9e est submerg\u00e9e par les eaux du lac Omodeo, un des plus grands lacs artificiels d\u2019Europe.<\/p>\n<p>Le territoire de cet ancien village pr\u00e9sente des densit\u00e9s de monuments arch\u00e9ologiques les plus concentr\u00e9es de l\u2019\u00eele. \u00c0 c\u00f4t\u00e9 de la centaine de nuraghes (construction de gros blocs de pierre, en forme de tour \u00ab tronc de c\u00f4ne \u00bb), il est possible d&#8217;admirer les puits nuragiques, les domus de janas et les tombes des g\u00e9ants, l&#8217;endroit privil\u00e9gi\u00e9 pour la s\u00e9pulture du chef de la tribu, au-del\u00e0 les bornes et les urnes fun\u00e9raires destin\u00e9es \u00e0 la r\u00e9colte des cendres.<\/p>\n<p>Les fouilles ont permis de d\u00e9couvrir les restes d&#8217;un temple pa\u00efen et un dolmen, zone attenante \u00e0 la construction nuragique destin\u00e9e \u00e0 recevoir les sacrifices.<\/p>\n<p>[\/et_pb_text][\/et_pb_column][\/et_pb_row][\/et_pb_section][et_pb_section fb_built=&#8221;1&#8243; background_color=&#8221;#eaeaea&#8221; inner_shadow=&#8221;on&#8221; admin_label=&#8221;Sezione&#8221; _builder_version=&#8221;3.0.51&#8243; background_image=&#8221;http:\/\/www.santuantinu.org\/wp-content\/uploads\/2017\/06\/Schermata-2017-06-21-alle-18.03.43.png&#8221; parallax=&#8221;on&#8221; parallax_method=&#8221;off&#8221;][et_pb_row make_fullwidth=&#8221;on&#8221; custom_padding=&#8221;40px|40px|40px|40px&#8221; background_color=&#8221;rgba(0,0,0,0.43)&#8221; background_position_1=&#8221;top_left&#8221; background_position_2=&#8221;top_left&#8221; background_repeat_1=&#8221;no-repeat&#8221; background_repeat_2=&#8221;no-repeat&#8221; admin_label=&#8221;Riga&#8221; _builder_version=&#8221;3.0.51&#8243; background_size=&#8221;initial&#8221; background_position=&#8221;top_left&#8221; background_repeat=&#8221;repeat&#8221;][et_pb_column type=&#8221;1_3&#8243; _builder_version=&#8221;3.0.47&#8243; parallax=&#8221;off&#8221; parallax_method=&#8221;on&#8221; background_position=&#8221;top_left&#8221; background_repeat=&#8221;no-repeat&#8221;][et_pb_blurb title=&#8221;Come arrivare a Sedilo&#8221; use_icon=&#8221;on&#8221; font_icon=&#8221;%%122%%&#8221; icon_color=&#8221;#ffffff&#8221; icon_placement=&#8221;left&#8221; background_layout=&#8221;dark&#8221; admin_label=&#8221;Blur&#8221; _builder_version=&#8221;3.0.51&#8243;]<\/p>\n<p>Arriver \u00e0 Sedilo est tr\u00e8s simple:<\/p>\n<p><strong>De Cagliari<\/strong>, le long de la &#8220;Carlo Felice&#8221; State Road 131, vous entrez \u00e0 123 Km de la jonction de Abbasanta et sur la route 131 DCN (Olbia-Abbasanta) \u00e0 la jonction Sedilo Sud.<br \/>\nChemin identique ou de Sassari Oristano.<\/p>\n<p><strong>Venant d&#8217;Olbia<\/strong>, prendre la route nationale 131 \u00e0 la jonction pour DNC Sedilo Nord.<\/p>\n<p>[\/et_pb_blurb][\/et_pb_column][et_pb_column type=&#8221;2_3&#8243; _builder_version=&#8221;3.0.47&#8243; parallax=&#8221;off&#8221; parallax_method=&#8221;on&#8221; background_position=&#8221;top_left&#8221; background_repeat=&#8221;no-repeat&#8221;][et_pb_code admin_label=&#8221;Codice&#8221; _builder_version=&#8221;3.0.51&#8243;]&lt;iframe src=&quot;https:\/\/www.google.com\/maps\/embed?pb=!1m18!1m12!1m3!1d12194.427226459215!2d8.913086236124377!3d40.1733073161031!2m3!1f0!2f0!3f0!3m2!1i1024!2i768!4f13.1!3m3!1m2!1s0x12ddc92bee45641f%3A0x6cf4aae53bba352b!2s09076+Sedilo+OR!5e0!3m2!1sit!2sit!4v1498136841357&quot; width=&quot;100%&quot; height=&quot;450&quot; frameborder=&quot;0&quot; style=&quot;border:0&quot; allowfullscreen&gt;&lt;\/iframe&gt;[\/et_pb_code][\/et_pb_column][\/et_pb_row][\/et_pb_section]<\/p>\n","protected":false},"excerpt":{"rendered":"<p>Nous sommes \u00e0 Sedilo, commune de la province d&#8217;Oristano, situ\u00e9e au centre de la Sardaigne, \u00e0 288 m\u00e8tres au dessus du niveau de la mer, environ 2000 habitants y vivent. Sedilo se trouve sur un haut et vaste plateau qui se poursuit \u00e0 l&#8217;est par la vall\u00e9e du Tirso. Il est travers\u00e9 par le fleuve [&hellip;]<\/p>\n","protected":false},"author":2,"featured_media":0,"parent":0,"menu_order":30,"comment_status":"closed","ping_status":"closed","template":"","meta":{"_et_pb_use_builder":"on","_et_pb_old_content":"","_et_gb_content_width":"","footnotes":""},"class_list":["post-379","page","type-page","status-publish","hentry"],"yoast_head":"<!-- This site is optimized with the Yoast SEO plugin v26.6 - https:\/\/yoast.com\/wordpress\/plugins\/seo\/ -->\n<title>Sedilo - Associazione Santu Antinu<\/title>\n<meta name=\"robots\" content=\"index, follow, max-snippet:-1, max-image-preview:large, max-video-preview:-1\" \/>\n<link rel=\"canonical\" href=\"https:\/\/www.santuantinu.org\/fr\/sedilo\/\" \/>\n<meta property=\"og:locale\" content=\"fr_FR\" \/>\n<meta property=\"og:type\" content=\"article\" \/>\n<meta property=\"og:title\" content=\"Sedilo - Associazione Santu Antinu\" \/>\n<meta property=\"og:description\" content=\"Nous sommes \u00e0 Sedilo, commune de la province d&#039;Oristano, situ\u00e9e au centre de la Sardaigne, \u00e0 288 m\u00e8tres au dessus du niveau de la mer, environ 2000 habitants y vivent. Sedilo se trouve sur un haut et vaste plateau qui se poursuit \u00e0 l&#039;est par la vall\u00e9e du Tirso. Il est travers\u00e9 par le fleuve [&hellip;]\" \/>\n<meta property=\"og:url\" content=\"https:\/\/www.santuantinu.org\/fr\/sedilo\/\" \/>\n<meta property=\"og:site_name\" content=\"Associazione Santu Antinu\" \/>\n<meta property=\"article:modified_time\" content=\"2017-06-30T06:17:16+00:00\" \/>\n<meta name=\"twitter:card\" content=\"summary_large_image\" \/>\n<meta name=\"twitter:label1\" content=\"Est. reading time\" \/>\n\t<meta name=\"twitter:data1\" content=\"3 minutes\" \/>\n<script type=\"application\/ld+json\" class=\"yoast-schema-graph\">{\"@context\":\"https:\/\/schema.org\",\"@graph\":[{\"@type\":\"WebPage\",\"@id\":\"https:\/\/www.santuantinu.org\/fr\/sedilo\/\",\"url\":\"https:\/\/www.santuantinu.org\/fr\/sedilo\/\",\"name\":\"Sedilo - Associazione Santu Antinu\",\"isPartOf\":{\"@id\":\"https:\/\/www.santuantinu.org\/#website\"},\"datePublished\":\"2017-06-29T18:37:41+00:00\",\"dateModified\":\"2017-06-30T06:17:16+00:00\",\"breadcrumb\":{\"@id\":\"https:\/\/www.santuantinu.org\/fr\/sedilo\/#breadcrumb\"},\"inLanguage\":\"fr-FR\",\"potentialAction\":[{\"@type\":\"ReadAction\",\"target\":[\"https:\/\/www.santuantinu.org\/fr\/sedilo\/\"]}]},{\"@type\":\"BreadcrumbList\",\"@id\":\"https:\/\/www.santuantinu.org\/fr\/sedilo\/#breadcrumb\",\"itemListElement\":[{\"@type\":\"ListItem\",\"position\":1,\"name\":\"Home\",\"item\":\"https:\/\/www.santuantinu.org\/fr\/\"},{\"@type\":\"ListItem\",\"position\":2,\"name\":\"Sedilo\"}]},{\"@type\":\"WebSite\",\"@id\":\"https:\/\/www.santuantinu.org\/#website\",\"url\":\"https:\/\/www.santuantinu.org\/\",\"name\":\"Associazione Santu Antinu\",\"description\":\"s&#039;Ardia\",\"potentialAction\":[{\"@type\":\"SearchAction\",\"target\":{\"@type\":\"EntryPoint\",\"urlTemplate\":\"https:\/\/www.santuantinu.org\/?s={search_term_string}\"},\"query-input\":{\"@type\":\"PropertyValueSpecification\",\"valueRequired\":true,\"valueName\":\"search_term_string\"}}],\"inLanguage\":\"fr-FR\"}]}<\/script>\n<!-- \/ Yoast SEO plugin. -->","yoast_head_json":{"title":"Sedilo - Associazione Santu Antinu","robots":{"index":"index","follow":"follow","max-snippet":"max-snippet:-1","max-image-preview":"max-image-preview:large","max-video-preview":"max-video-preview:-1"},"canonical":"https:\/\/www.santuantinu.org\/fr\/sedilo\/","og_locale":"fr_FR","og_type":"article","og_title":"Sedilo - Associazione Santu Antinu","og_description":"Nous sommes \u00e0 Sedilo, commune de la province d'Oristano, situ\u00e9e au centre de la Sardaigne, \u00e0 288 m\u00e8tres au dessus du niveau de la mer, environ 2000 habitants y vivent. Sedilo se trouve sur un haut et vaste plateau qui se poursuit \u00e0 l'est par la vall\u00e9e du Tirso. Il est travers\u00e9 par le fleuve [&hellip;]","og_url":"https:\/\/www.santuantinu.org\/fr\/sedilo\/","og_site_name":"Associazione Santu Antinu","article_modified_time":"2017-06-30T06:17:16+00:00","twitter_card":"summary_large_image","twitter_misc":{"Est. reading time":"3 minutes"},"schema":{"@context":"https:\/\/schema.org","@graph":[{"@type":"WebPage","@id":"https:\/\/www.santuantinu.org\/fr\/sedilo\/","url":"https:\/\/www.santuantinu.org\/fr\/sedilo\/","name":"Sedilo - Associazione Santu Antinu","isPartOf":{"@id":"https:\/\/www.santuantinu.org\/#website"},"datePublished":"2017-06-29T18:37:41+00:00","dateModified":"2017-06-30T06:17:16+00:00","breadcrumb":{"@id":"https:\/\/www.santuantinu.org\/fr\/sedilo\/#breadcrumb"},"inLanguage":"fr-FR","potentialAction":[{"@type":"ReadAction","target":["https:\/\/www.santuantinu.org\/fr\/sedilo\/"]}]},{"@type":"BreadcrumbList","@id":"https:\/\/www.santuantinu.org\/fr\/sedilo\/#breadcrumb","itemListElement":[{"@type":"ListItem","position":1,"name":"Home","item":"https:\/\/www.santuantinu.org\/fr\/"},{"@type":"ListItem","position":2,"name":"Sedilo"}]},{"@type":"WebSite","@id":"https:\/\/www.santuantinu.org\/#website","url":"https:\/\/www.santuantinu.org\/","name":"Associazione Santu Antinu","description":"s&#039;Ardia","potentialAction":[{"@type":"SearchAction","target":{"@type":"EntryPoint","urlTemplate":"https:\/\/www.santuantinu.org\/?s={search_term_string}"},"query-input":{"@type":"PropertyValueSpecification","valueRequired":true,"valueName":"search_term_string"}}],"inLanguage":"fr-FR"}]}},"_links":{"self":[{"href":"https:\/\/www.santuantinu.org\/fr\/wp-json\/wp\/v2\/pages\/379","targetHints":{"allow":["GET"]}}],"collection":[{"href":"https:\/\/www.santuantinu.org\/fr\/wp-json\/wp\/v2\/pages"}],"about":[{"href":"https:\/\/www.santuantinu.org\/fr\/wp-json\/wp\/v2\/types\/page"}],"author":[{"embeddable":true,"href":"https:\/\/www.santuantinu.org\/fr\/wp-json\/wp\/v2\/users\/2"}],"replies":[{"embeddable":true,"href":"https:\/\/www.santuantinu.org\/fr\/wp-json\/wp\/v2\/comments?post=379"}],"version-history":[{"count":3,"href":"https:\/\/www.santuantinu.org\/fr\/wp-json\/wp\/v2\/pages\/379\/revisions"}],"predecessor-version":[{"id":397,"href":"https:\/\/www.santuantinu.org\/fr\/wp-json\/wp\/v2\/pages\/379\/revisions\/397"}],"wp:attachment":[{"href":"https:\/\/www.santuantinu.org\/fr\/wp-json\/wp\/v2\/media?parent=379"}],"curies":[{"name":"wp","href":"https:\/\/api.w.org\/{rel}","templated":true}]}}