							
{"id":386,"date":"2017-06-29T21:16:57","date_gmt":"2017-06-29T19:16:57","guid":{"rendered":"http:\/\/www.santuantinu.org\/?page_id=386\/"},"modified":"2017-06-30T08:17:58","modified_gmt":"2017-06-30T06:17:58","slug":"credits","status":"publish","type":"page","link":"https:\/\/www.santuantinu.org\/fr\/credits\/","title":{"rendered":"Credits"},"content":{"rendered":"<p>[et_pb_section fb_built=&#8221;1&#8243; fullwidth=&#8221;on&#8221; admin_label=&#8221;Sezione&#8221; _builder_version=&#8221;3.0.51&#8243;][et_pb_fullwidth_header title=&#8221;Credits&#8221; subhead=&#8221;Qui a contribu\u00e9 \u00e0 la cr\u00e9ation du site&#8221; background_layout=&#8221;dark&#8221; header_scroll_down=&#8221;on&#8221; scroll_down_icon=&#8221;%%1%%&#8221; background_overlay_color=&#8221;rgba(0,0,0,0.18)&#8221; admin_label=&#8221;Intestazione a Larghezza Piena&#8221; _builder_version=&#8221;3.0.51&#8243; background_color=&#8221;#d6d6d6&#8243; background_image=&#8221;http:\/\/www.santuantinu.org\/wp-content\/uploads\/2017\/06\/Schermata-2017-06-22-alle-16.19.47.png&#8221; parallax=&#8221;on&#8221; parallax_method=&#8221;on&#8221; custom_css_header_container=&#8221;height: 400px;&#8221;][\/et_pb_fullwidth_header][\/et_pb_section][et_pb_section fb_built=&#8221;1&#8243; inner_shadow=&#8221;on&#8221; admin_label=&#8221;section&#8221; _builder_version=&#8221;3.0.51&#8243;][et_pb_row make_fullwidth=&#8221;on&#8221; admin_label=&#8221;Riga&#8221; _builder_version=&#8221;3.0.51&#8243; background_size=&#8221;initial&#8221; background_position=&#8221;top_left&#8221; background_repeat=&#8221;repeat&#8221;][et_pb_column type=&#8221;1_3&#8243; _builder_version=&#8221;3.0.47&#8243; parallax=&#8221;off&#8221; parallax_method=&#8221;on&#8221;][et_pb_blurb url=&#8221;http:\/\/www.skyss.it\/&#8221; url_new_window=&#8221;on&#8221; image=&#8221;http:\/\/www.santuantinu.org\/wp-content\/uploads\/2017\/06\/skyss.jpg&#8221; animation=&#8221;off&#8221; text_orientation=&#8221;center&#8221; admin_label=&#8221;Blur&#8221; _builder_version=&#8221;3.0.51&#8243; custom_css_blurb_image=&#8221;width: 200px;||margin: auto;&#8221;]<\/p>\n<p>&nbsp;<\/p>\n<p><strong>A\u00e9rienne avec drone<\/strong><\/p>\n<p>[\/et_pb_blurb][\/et_pb_column][et_pb_column type=&#8221;1_3&#8243; _builder_version=&#8221;3.0.47&#8243; parallax=&#8221;off&#8221; parallax_method=&#8221;on&#8221;][et_pb_blurb url=&#8221;http:\/\/www.nordai.com&#8221; url_new_window=&#8221;on&#8221; image=&#8221;http:\/\/www.santuantinu.org\/wp-content\/uploads\/2017\/06\/nordai_logo.png&#8221; animation=&#8221;off&#8221; text_orientation=&#8221;center&#8221; admin_label=&#8221;Blur&#8221; _builder_version=&#8221;3.0.51&#8243; custom_css_blurb_image=&#8221;width: 120px;||margin: auto;||margin-top: 30px;||margin-bottom: 45px;&#8221;]<\/p>\n<p>&nbsp;<\/p>\n<p><strong>Cr\u00e9ation de site web<\/strong><\/p>\n<p>&nbsp;<\/p>\n<p>&nbsp;<\/p>\n<p>[\/et_pb_blurb][\/et_pb_column][et_pb_column type=&#8221;1_3&#8243; _builder_version=&#8221;3.0.47&#8243; parallax=&#8221;off&#8221; parallax_method=&#8221;on&#8221;][et_pb_blurb url=&#8221;http:\/\/www.mauronster.com&#8221; url_new_window=&#8221;on&#8221; image=&#8221;http:\/\/www.santuantinu.org\/wp-content\/uploads\/2017\/06\/mauronster-logo-2017.jpeg&#8221; animation=&#8221;off&#8221; text_orientation=&#8221;center&#8221; admin_label=&#8221;Blur&#8221; _builder_version=&#8221;3.0.51&#8243; custom_css_blurb_image=&#8221;width: 130px;||margin: auto;||margin-top: 40px;||margin-bottom: 70px;||&#8221;]<\/p>\n<p>&nbsp;<\/p>\n<p><strong>Photos<\/strong><\/p>\n<p>&nbsp;<\/p>\n<p>[\/et_pb_blurb][\/et_pb_column][\/et_pb_row][\/et_pb_section][et_pb_section fb_built=&#8221;1&#8243; background_color=&#8221;#f2f2f2&#8243; admin_label=&#8221;section&#8221; _builder_version=&#8221;3.0.51&#8243;][et_pb_row admin_label=&#8221;row&#8221; _builder_version=&#8221;3.0.51&#8243;][et_pb_column type=&#8221;1_3&#8243; _builder_version=&#8221;3.0.47&#8243; parallax=&#8221;off&#8221; parallax_method=&#8221;on&#8221;][et_pb_blurb title=&#8221;Tradution en fran\u00e7ais&#8221; use_icon=&#8221;on&#8221; font_icon=&#8221;%%165%%&#8221; icon_placement=&#8221;left&#8221; admin_label=&#8221;Blur&#8221; _builder_version=&#8221;3.0.51&#8243; custom_margin=&#8221;|||&#8221; custom_padding=&#8221;|||&#8221;]<\/p>\n<p><strong>Daniela Demontis<\/strong><\/p>\n<p>[\/et_pb_blurb][\/et_pb_column][et_pb_column type=&#8221;2_3&#8243; _builder_version=&#8221;3.0.47&#8243; parallax=&#8221;off&#8221; parallax_method=&#8221;on&#8221;][\/et_pb_column][\/et_pb_row][\/et_pb_section]<\/p>\n","protected":false},"excerpt":{"rendered":"<p>&nbsp; A\u00e9rienne avec drone &nbsp; Cr\u00e9ation de site web &nbsp; &nbsp; &nbsp; Photos &nbsp; Daniela Demontis<\/p>\n","protected":false},"author":2,"featured_media":0,"parent":0,"menu_order":0,"comment_status":"closed","ping_status":"closed","template":"","meta":{"_et_pb_use_builder":"on","_et_pb_old_content":"","_et_gb_content_width":"","footnotes":""},"class_list":["post-386","page","type-page","status-publish","hentry"],"yoast_head":"<!-- This site is optimized with the Yoast SEO plugin v26.6 - https:\/\/yoast.com\/wordpress\/plugins\/seo\/ -->\n<title>Credits - Associazione Santu Antinu<\/title>\n<meta name=\"robots\" content=\"index, follow, max-snippet:-1, max-image-preview:large, max-video-preview:-1\" \/>\n<link rel=\"canonical\" href=\"https:\/\/www.santuantinu.org\/fr\/credits\/\" \/>\n<meta property=\"og:locale\" content=\"fr_FR\" \/>\n<meta property=\"og:type\" content=\"article\" \/>\n<meta property=\"og:title\" content=\"Credits - Associazione Santu Antinu\" \/>\n<meta property=\"og:description\" content=\"&nbsp; A\u00e9rienne avec drone &nbsp; Cr\u00e9ation de site web &nbsp; &nbsp; &nbsp; Photos &nbsp; Daniela Demontis\" \/>\n<meta property=\"og:url\" content=\"https:\/\/www.santuantinu.org\/fr\/credits\/\" \/>\n<meta property=\"og:site_name\" content=\"Associazione Santu Antinu\" \/>\n<meta property=\"article:modified_time\" content=\"2017-06-30T06:17:58+00:00\" \/>\n<meta name=\"twitter:card\" content=\"summary_large_image\" \/>\n<meta name=\"twitter:label1\" content=\"Est. reading time\" \/>\n\t<meta name=\"twitter:data1\" content=\"2 minutes\" \/>\n<script type=\"application\/ld+json\" class=\"yoast-schema-graph\">{\"@context\":\"https:\/\/schema.org\",\"@graph\":[{\"@type\":\"WebPage\",\"@id\":\"https:\/\/www.santuantinu.org\/fr\/credits\/\",\"url\":\"https:\/\/www.santuantinu.org\/fr\/credits\/\",\"name\":\"Credits - Associazione Santu Antinu\",\"isPartOf\":{\"@id\":\"https:\/\/www.santuantinu.org\/#website\"},\"datePublished\":\"2017-06-29T19:16:57+00:00\",\"dateModified\":\"2017-06-30T06:17:58+00:00\",\"breadcrumb\":{\"@id\":\"https:\/\/www.santuantinu.org\/fr\/credits\/#breadcrumb\"},\"inLanguage\":\"fr-FR\",\"potentialAction\":[{\"@type\":\"ReadAction\",\"target\":[\"https:\/\/www.santuantinu.org\/fr\/credits\/\"]}]},{\"@type\":\"BreadcrumbList\",\"@id\":\"https:\/\/www.santuantinu.org\/fr\/credits\/#breadcrumb\",\"itemListElement\":[{\"@type\":\"ListItem\",\"position\":1,\"name\":\"Home\",\"item\":\"https:\/\/www.santuantinu.org\/fr\/\"},{\"@type\":\"ListItem\",\"position\":2,\"name\":\"Credits\"}]},{\"@type\":\"WebSite\",\"@id\":\"https:\/\/www.santuantinu.org\/#website\",\"url\":\"https:\/\/www.santuantinu.org\/\",\"name\":\"Associazione Santu Antinu\",\"description\":\"s&#039;Ardia\",\"potentialAction\":[{\"@type\":\"SearchAction\",\"target\":{\"@type\":\"EntryPoint\",\"urlTemplate\":\"https:\/\/www.santuantinu.org\/?s={search_term_string}\"},\"query-input\":{\"@type\":\"PropertyValueSpecification\",\"valueRequired\":true,\"valueName\":\"search_term_string\"}}],\"inLanguage\":\"fr-FR\"}]}<\/script>\n<!-- \/ Yoast SEO plugin. -->","yoast_head_json":{"title":"Credits - Associazione Santu Antinu","robots":{"index":"index","follow":"follow","max-snippet":"max-snippet:-1","max-image-preview":"max-image-preview:large","max-video-preview":"max-video-preview:-1"},"canonical":"https:\/\/www.santuantinu.org\/fr\/credits\/","og_locale":"fr_FR","og_type":"article","og_title":"Credits - Associazione Santu Antinu","og_description":"&nbsp; A\u00e9rienne avec drone &nbsp; Cr\u00e9ation de site web &nbsp; &nbsp; &nbsp; Photos &nbsp; Daniela Demontis","og_url":"https:\/\/www.santuantinu.org\/fr\/credits\/","og_site_name":"Associazione Santu Antinu","article_modified_time":"2017-06-30T06:17:58+00:00","twitter_card":"summary_large_image","twitter_misc":{"Est. reading time":"2 minutes"},"schema":{"@context":"https:\/\/schema.org","@graph":[{"@type":"WebPage","@id":"https:\/\/www.santuantinu.org\/fr\/credits\/","url":"https:\/\/www.santuantinu.org\/fr\/credits\/","name":"Credits - Associazione Santu Antinu","isPartOf":{"@id":"https:\/\/www.santuantinu.org\/#website"},"datePublished":"2017-06-29T19:16:57+00:00","dateModified":"2017-06-30T06:17:58+00:00","breadcrumb":{"@id":"https:\/\/www.santuantinu.org\/fr\/credits\/#breadcrumb"},"inLanguage":"fr-FR","potentialAction":[{"@type":"ReadAction","target":["https:\/\/www.santuantinu.org\/fr\/credits\/"]}]},{"@type":"BreadcrumbList","@id":"https:\/\/www.santuantinu.org\/fr\/credits\/#breadcrumb","itemListElement":[{"@type":"ListItem","position":1,"name":"Home","item":"https:\/\/www.santuantinu.org\/fr\/"},{"@type":"ListItem","position":2,"name":"Credits"}]},{"@type":"WebSite","@id":"https:\/\/www.santuantinu.org\/#website","url":"https:\/\/www.santuantinu.org\/","name":"Associazione Santu Antinu","description":"s&#039;Ardia","potentialAction":[{"@type":"SearchAction","target":{"@type":"EntryPoint","urlTemplate":"https:\/\/www.santuantinu.org\/?s={search_term_string}"},"query-input":{"@type":"PropertyValueSpecification","valueRequired":true,"valueName":"search_term_string"}}],"inLanguage":"fr-FR"}]}},"_links":{"self":[{"href":"https:\/\/www.santuantinu.org\/fr\/wp-json\/wp\/v2\/pages\/386","targetHints":{"allow":["GET"]}}],"collection":[{"href":"https:\/\/www.santuantinu.org\/fr\/wp-json\/wp\/v2\/pages"}],"about":[{"href":"https:\/\/www.santuantinu.org\/fr\/wp-json\/wp\/v2\/types\/page"}],"author":[{"embeddable":true,"href":"https:\/\/www.santuantinu.org\/fr\/wp-json\/wp\/v2\/users\/2"}],"replies":[{"embeddable":true,"href":"https:\/\/www.santuantinu.org\/fr\/wp-json\/wp\/v2\/comments?post=386"}],"version-history":[{"count":3,"href":"https:\/\/www.santuantinu.org\/fr\/wp-json\/wp\/v2\/pages\/386\/revisions"}],"predecessor-version":[{"id":398,"href":"https:\/\/www.santuantinu.org\/fr\/wp-json\/wp\/v2\/pages\/386\/revisions\/398"}],"wp:attachment":[{"href":"https:\/\/www.santuantinu.org\/fr\/wp-json\/wp\/v2\/media?parent=386"}],"curies":[{"name":"wp","href":"https:\/\/api.w.org\/{rel}","templated":true}]}}